{"id":96,"date":"2025-10-28T15:16:54","date_gmt":"2025-10-28T15:16:54","guid":{"rendered":"https:\/\/lacave-ariege.fr\/?page_id=96"},"modified":"2025-12-03T09:40:42","modified_gmt":"2025-12-03T09:40:42","slug":"demande-de-rendez-vous","status":"publish","type":"page","link":"https:\/\/lacave-ariege.fr\/?page_id=96","title":{"rendered":"Demande de rendez-vous"},"content":{"rendered":"\n<p>La mairie vous accueil le : <\/p>\n\n\n\n<ul class=\"wp-block-list\">\n<li>Lundi de 18h30 \u00e0 20h00<\/li>\n<\/ul>\n\n\n\n<ul class=\"wp-block-list\">\n<li>Mardi et vendredi de 8h00 \u00e0 12h00<\/li>\n<\/ul>\n\n\n\n<hr class=\"wp-block-separator has-text-color has-primary-color has-alpha-channel-opacity has-primary-background-color has-background\"\/>\n\n\n\n<div class=\"forminator-guttenberg\"><div class=\"forminator-ui forminator-custom-form forminator-custom-form-94 forminator-design--default  forminator_ajax\" data-forminator-render=\"0\" data-form=\"forminator-module-94\" data-uid=\"6a04605e2cc30\"><br\/><\/div><form\n\t\t\t\tid=\"forminator-module-94\"\n\t\t\t\tclass=\"forminator-ui forminator-custom-form forminator-custom-form-94 forminator-design--default  forminator_ajax\"\n\t\t\t\tmethod=\"post\"\n\t\t\t\tdata-forminator-render=\"0\"\n\t\t\t\tdata-form-id=\"94\"\n\t\t\t\t data-color-option=\"theme\" data-design=\"default\" data-grid=\"open\" style=\"display: none;\"\n\t\t\t\tdata-uid=\"6a04605e2cc30\"\n\t\t\t><div role=\"alert\" aria-live=\"polite\" class=\"forminator-response-message forminator-error\" aria-hidden=\"true\"><\/div><div class=\"forminator-row\"><div id=\"name-1\" class=\"forminator-field-name forminator-col forminator-col-12 \"><div class=\"forminator-field\"><label for=\"forminator-field-name-1_6a04605e2cc30\" id=\"forminator-field-name-1_6a04605e2cc30-label\" class=\"forminator-label\">Pr\u00e9nom <span class=\"forminator-required\">*<\/span><\/label><input type=\"text\" name=\"name-1\" value=\"\" placeholder=\"\" id=\"forminator-field-name-1_6a04605e2cc30\" class=\"forminator-input forminator-name--field\" aria-required=\"true\" autocomplete=\"name\" \/><\/div><\/div><\/div><div class=\"forminator-row\"><div id=\"email-1\" class=\"forminator-field-email forminator-col forminator-col-12 \"><div class=\"forminator-field\"><label for=\"forminator-field-email-1_6a04605e2cc30\" id=\"forminator-field-email-1_6a04605e2cc30-label\" class=\"forminator-label\">Adresse de messagerie <span class=\"forminator-required\">*<\/span><\/label><input type=\"email\" name=\"email-1\" value=\"\" placeholder=\"\" id=\"forminator-field-email-1_6a04605e2cc30\" class=\"forminator-input forminator-email--field\" data-required=\"true\" aria-required=\"true\" autocomplete=\"email\" \/><\/div><\/div><\/div><div class=\"forminator-row\"><div id=\"phone-1\" class=\"forminator-field-phone forminator-col forminator-col-12 \"><div class=\"forminator-field\"><label for=\"forminator-field-phone-1_6a04605e2cc30\" id=\"forminator-field-phone-1_6a04605e2cc30-label\" class=\"forminator-label\">Num\u00e9ro de t\u00e9l\u00e9phone<\/label><input type=\"text\" name=\"phone-1\" value=\"\" placeholder=\"\" id=\"forminator-field-phone-1_6a04605e2cc30\" class=\"forminator-input forminator-field--phone\" data-required=\"\" aria-required=\"false\" autocomplete=\"off\" \/><\/div><\/div><\/div><div class=\"forminator-row\"><div id=\"select-1\" class=\"forminator-field-select forminator-col forminator-col-12 \"><div class=\"forminator-field\"><label for=\"forminator-form-94__field--select-1_6a04605e2cc30\" id=\"forminator-form-94__field--select-1_6a04605e2cc30-label\" class=\"forminator-label\">S\u00e9lectionner<\/label><select  id=\"forminator-form-94__field--select-1_6a04605e2cc30\" class=\"forminator-select--field forminator-select2 forminator-select2-multiple\" data-required=\"\" name=\"select-1\" data-default-value=\"\" data-hidden-behavior=\"zero\" data-placeholder=\"\" data-search=\"false\" data-search-placeholder=\"\" data-checkbox=\"false\" data-allow-clear=\"false\" aria-labelledby=\"forminator-form-94__field--select-1_6a04605e2cc30-label\"><option value=\"one\"  data-calculation=\"0\">Urbanisme<\/option><option value=\"two\"  data-calculation=\"0\">Etat civil<\/option><option value=\"Redaction-des-actes\"  data-calculation=\"0\">Redaction des actes<\/option><\/select><\/div><\/div><\/div><div class=\"forminator-row\"><div id=\"textarea-1\" class=\"forminator-field-textarea forminator-col forminator-col-12 \"><div class=\"forminator-field\"><label for=\"forminator-field-textarea-1_6a04605e2cc30\" id=\"forminator-field-textarea-1_6a04605e2cc30-label\" class=\"forminator-label\">Message<\/label><span id=\"forminator-field-textarea-1_6a04605e2cc30-description\" class=\"forminator-description\"><span data-limit=\"180\" data-type=\"characters\" data-editor=\"\">0 \/ 180<\/span><\/span><textarea name=\"textarea-1\" placeholder=\"\" id=\"forminator-field-textarea-1_6a04605e2cc30\" class=\"forminator-textarea\" rows=\"6\" style=\"min-height:140px;\" maxlength=\"180\" ><\/textarea><\/div><\/div><\/div><input type=\"hidden\" name=\"referer_url\" value=\"\" \/><div class=\"forminator-row forminator-row-last\"><div class=\"forminator-col\"><div class=\"forminator-field\"><button class=\"forminator-button forminator-button-submit\">Envoyer<\/button><\/div><\/div><\/div><input type=\"hidden\" id=\"forminator_nonce\" name=\"forminator_nonce\" value=\"c27c7bb5b5\" \/><input type=\"hidden\" name=\"_wp_http_referer\" value=\"\/index.php?rest_route=%2Fwp%2Fv2%2Fpages%2F96\" \/><input type=\"hidden\" name=\"form_id\" value=\"94\"><input type=\"hidden\" name=\"page_id\" value=\"96\"><input type=\"hidden\" name=\"form_type\" value=\"default\"><input type=\"hidden\" name=\"current_url\" value=\"https:\/\/lacave-ariege.fr\/?page_id=96\"><input type=\"hidden\" name=\"render_id\" value=\"0\"><input type=\"hidden\" name=\"action\" value=\"forminator_submit_form_custom-forms\"><\/form><\/div>\n\n\n\n<p><\/p>\n","protected":false},"excerpt":{"rendered":"<p>La mairie vous accueil le :<\/p>\n","protected":false},"author":1,"featured_media":0,"parent":0,"menu_order":0,"comment_status":"closed","ping_status":"closed","template":"","meta":{"footnotes":""},"class_list":["post-96","page","type-page","status-publish","hentry"],"_links":{"self":[{"href":"https:\/\/lacave-ariege.fr\/index.php?rest_route=\/wp\/v2\/pages\/96","targetHints":{"allow":["GET"]}}],"collection":[{"href":"https:\/\/lacave-ariege.fr\/index.php?rest_route=\/wp\/v2\/pages"}],"about":[{"href":"https:\/\/lacave-ariege.fr\/index.php?rest_route=\/wp\/v2\/types\/page"}],"author":[{"embeddable":true,"href":"https:\/\/lacave-ariege.fr\/index.php?rest_route=\/wp\/v2\/users\/1"}],"replies":[{"embeddable":true,"href":"https:\/\/lacave-ariege.fr\/index.php?rest_route=%2Fwp%2Fv2%2Fcomments&post=96"}],"version-history":[{"count":2,"href":"https:\/\/lacave-ariege.fr\/index.php?rest_route=\/wp\/v2\/pages\/96\/revisions"}],"predecessor-version":[{"id":118,"href":"https:\/\/lacave-ariege.fr\/index.php?rest_route=\/wp\/v2\/pages\/96\/revisions\/118"}],"wp:attachment":[{"href":"https:\/\/lacave-ariege.fr\/index.php?rest_route=%2Fwp%2Fv2%2Fmedia&parent=96"}],"curies":[{"name":"wp","href":"https:\/\/api.w.org\/{rel}","templated":true}]}}