{"id":119,"date":"2025-12-03T09:42:36","date_gmt":"2025-12-03T09:42:36","guid":{"rendered":"https:\/\/lacave-ariege.fr\/?page_id=119"},"modified":"2026-01-20T16:22:42","modified_gmt":"2026-01-20T16:22:42","slug":"mes-documents-utiles","status":"publish","type":"page","link":"https:\/\/lacave-ariege.fr\/?page_id=119","title":{"rendered":"Mes documents utiles"},"content":{"rendered":"\n<p>Vous trouverez ci-joint une liste de documents utiles pour vos d\u00e9marches.<\/p>\n\n\n\n<hr class=\"wp-block-separator has-text-color has-primary-color has-alpha-channel-opacity has-primary-background-color has-background\"\/>\n\n\n\n<h2 class=\"wp-block-heading\">Urbanisme :<\/h2>\n\n\n\n<p><strong>Plan local urbanisme :<\/strong><\/p>\n\n\n\n<div class=\"wp-block-pdf-viewer-block-standard\" style=\"text-align:left\"><div class=\"uploaded-pdf\"><a href=\"https:\/\/lacave-ariege.fr\/wp-content\/uploads\/2025\/12\/Plan-local-urbanisme-Lacave.pdf\" data-width=\"\" data-height=\"\"><\/a><\/div><\/div>\n\n\n\n<hr class=\"wp-block-separator has-text-color has-primary-color has-alpha-channel-opacity has-primary-background-color has-background\"\/>\n\n\n\n<p><strong>R\u00e9seau d&rsquo;assainissement :<\/strong><\/p>\n\n\n\n<div class=\"wp-block-pdf-viewer-block-standard\" style=\"text-align:left\"><div class=\"uploaded-pdf\"><a href=\"https:\/\/lacave-ariege.fr\/wp-content\/uploads\/2026\/01\/RESEAU-ASSAINISSEMENT-LACAVE_compressed.pdf\" data-width=\"\" data-height=\"\"><\/a><\/div><\/div>\n\n\n\n<hr class=\"wp-block-separator has-text-color has-primary-color has-alpha-channel-opacity has-primary-background-color has-background\"\/>\n\n\n\n<p><strong>Plan de la commune :<\/strong><\/p>\n\n\n\n<p><a href=\"https:\/\/france-cadastre.fr\/cadastre\/lacave-09\"><mark style=\"background-color:rgba(0, 0, 0, 0)\" class=\"has-inline-color has-primary-color\">France-cadastre<\/mark><\/a><\/p>\n\n\n\n<hr class=\"wp-block-separator has-text-color has-primary-color has-alpha-channel-opacity has-primary-background-color has-background\"\/>\n\n\n\n<h2 class=\"wp-block-heading\">Le conseil municipal :<\/h2>\n\n\n\n<p><strong>Listes des membres du conseil municipal :<\/strong><\/p>\n\n\n\n<figure class=\"wp-block-image size-full\"><img loading=\"lazy\" decoding=\"async\" width=\"891\" height=\"395\" src=\"https:\/\/lacave-ariege.fr\/wp-content\/uploads\/2025\/12\/Capture-decran-2025-12-03-111853.png\" alt=\"\" class=\"wp-image-139\" srcset=\"https:\/\/lacave-ariege.fr\/wp-content\/uploads\/2025\/12\/Capture-decran-2025-12-03-111853.png 891w, https:\/\/lacave-ariege.fr\/wp-content\/uploads\/2025\/12\/Capture-decran-2025-12-03-111853-300x133.png 300w, https:\/\/lacave-ariege.fr\/wp-content\/uploads\/2025\/12\/Capture-decran-2025-12-03-111853-768x340.png 768w\" sizes=\"auto, (max-width: 891px) 100vw, 891px\" \/><\/figure>\n\n\n\n<hr class=\"wp-block-separator has-text-color has-primary-color has-alpha-channel-opacity has-primary-background-color has-background\"\/>\n\n\n\n<h2 class=\"wp-block-heading\">S\u00e9curit\u00e9<\/h2>\n\n\n\n<p><strong>Plan pr\u00e9vention risque :<\/strong><\/p>\n\n\n\n<p><a href=\"https:\/\/www.ariege.gouv.fr\/contenu\/telechargement\/28807\/195615\/file\/ap lacave.pdf\" target=\"_blank\" rel=\"noreferrer noopener\"><mark style=\"background-color:rgba(0, 0, 0, 0)\" class=\"has-inline-color has-primary-color\">T\u00e9l\u00e9charger Arrete approbation PDF &#8211; 0,10 Mb &#8211; 24\/01\/2024<\/mark><\/a><\/p>\n\n\n\n<p><a href=\"https:\/\/www.ariege.gouv.fr\/contenu\/telechargement\/29218\/198473\/file\/09RTM20010028_rapport.pdf\" target=\"_blank\" rel=\"noreferrer noopener\"><mark style=\"background-color:rgba(0, 0, 0, 0)\" class=\"has-inline-color has-primary-color\">T\u00e9l\u00e9charger Rapport de presentation PDF &#8211; 1,77 Mb &#8211; 31\/01\/2024<\/mark><\/a><\/p>\n\n\n\n<p><a href=\"https:\/\/www.ariege.gouv.fr\/contenu\/telechargement\/29219\/198478\/file\/09RTM20010028_reglement.pdf\" target=\"_blank\" rel=\"noreferrer noopener\"><mark style=\"background-color:rgba(0, 0, 0, 0)\" class=\"has-inline-color has-primary-color\">T\u00e9l\u00e9charger Reglement PDF &#8211; 1,49 Mb &#8211; 31\/01\/2024<\/mark><\/a><\/p>\n\n\n\n<p><a href=\"https:\/\/www.ariege.gouv.fr\/contenu\/telechargement\/31802\/217838\/file\/lacave phenos a4.pdf\" target=\"_blank\" rel=\"noreferrer noopener\"><mark style=\"background-color:rgba(0, 0, 0, 0)\" class=\"has-inline-color has-primary-color\">T\u00e9l\u00e9charger Carte des phenomenes PDF &#8211; 0,79 Mb &#8211; 05\/12\/2024<\/mark><\/a><\/p>\n\n\n\n<p><a href=\"https:\/\/www.ariege.gouv.fr\/contenu\/telechargement\/31803\/217843\/file\/lacave al\u00e9as a3.pdf\" target=\"_blank\" rel=\"noreferrer noopener\"><mark style=\"background-color:rgba(0, 0, 0, 0)\" class=\"has-inline-color has-primary-color\">T\u00e9l\u00e9charger Carte des aleas PDF &#8211; 0,58 Mb &#8211; 05\/12\/2024<\/mark><\/a><\/p>\n\n\n\n<p><a href=\"https:\/\/www.ariege.gouv.fr\/contenu\/telechargement\/31804\/217848\/file\/Lacave risqA1.pdf\" target=\"_blank\" rel=\"noreferrer noopener\"><mark style=\"background-color:rgba(0, 0, 0, 0)\" class=\"has-inline-color has-primary-color\">T\u00e9l\u00e9charger Carte du zonage reglementaire<\/mark><\/a><\/p>\n\n\n\n<p><\/p>\n","protected":false},"excerpt":{"rendered":"<p>Vous trouverez ci-joint une liste de documents utiles pour vos d\u00e9marches. Urbanisme : Plan local urbanisme : R\u00e9seau d&rsquo;assainissement : Plan de la commune : France-cadastre Le conseil municipal : Listes des membres du conseil municipal : S\u00e9curit\u00e9 Plan pr\u00e9vention risque : T\u00e9l\u00e9charger Arrete approbation PDF &#8211; 0,10 Mb &#8211; 24\/01\/2024 T\u00e9l\u00e9charger Rapport de presentation [&hellip;]<\/p>\n","protected":false},"author":1,"featured_media":0,"parent":0,"menu_order":0,"comment_status":"closed","ping_status":"closed","template":"","meta":{"footnotes":""},"class_list":["post-119","page","type-page","status-publish","hentry"],"_links":{"self":[{"href":"https:\/\/lacave-ariege.fr\/index.php?rest_route=\/wp\/v2\/pages\/119","targetHints":{"allow":["GET"]}}],"collection":[{"href":"https:\/\/lacave-ariege.fr\/index.php?rest_route=\/wp\/v2\/pages"}],"about":[{"href":"https:\/\/lacave-ariege.fr\/index.php?rest_route=\/wp\/v2\/types\/page"}],"author":[{"embeddable":true,"href":"https:\/\/lacave-ariege.fr\/index.php?rest_route=\/wp\/v2\/users\/1"}],"replies":[{"embeddable":true,"href":"https:\/\/lacave-ariege.fr\/index.php?rest_route=%2Fwp%2Fv2%2Fcomments&post=119"}],"version-history":[{"count":15,"href":"https:\/\/lacave-ariege.fr\/index.php?rest_route=\/wp\/v2\/pages\/119\/revisions"}],"predecessor-version":[{"id":219,"href":"https:\/\/lacave-ariege.fr\/index.php?rest_route=\/wp\/v2\/pages\/119\/revisions\/219"}],"wp:attachment":[{"href":"https:\/\/lacave-ariege.fr\/index.php?rest_route=%2Fwp%2Fv2%2Fmedia&parent=119"}],"curies":[{"name":"wp","href":"https:\/\/api.w.org\/{rel}","templated":true}]}}